{"id":7,"date":"2015-02-04T22:04:04","date_gmt":"2015-02-04T20:04:04","guid":{"rendered":"https:\/\/eceofluoglu.com\/?page_id=7"},"modified":"2026-01-08T08:48:32","modified_gmt":"2026-01-08T06:48:32","slug":"hakkinda","status":"publish","type":"page","link":"https:\/\/eceofluoglu.com\/","title":{"rendered":"Hakk\u0131nda"},"content":{"rendered":"<p><a href=\"https:\/\/eceofluoglu.com\/wp-content\/uploads\/2024\/11\/ECE-16-scaled.jpg\"><img loading=\"lazy\" class=\"alignnone size-medium wp-image-147\" src=\"https:\/\/eceofluoglu.com\/wp-content\/uploads\/2024\/11\/ECE-16-236x300.jpg\" alt=\"\" width=\"236\" height=\"300\" srcset=\"https:\/\/eceofluoglu.com\/wp-content\/uploads\/2024\/11\/ECE-16-236x300.jpg 236w, https:\/\/eceofluoglu.com\/wp-content\/uploads\/2024\/11\/ECE-16-806x1024.jpg 806w, https:\/\/eceofluoglu.com\/wp-content\/uploads\/2024\/11\/ECE-16-768x975.jpg 768w, https:\/\/eceofluoglu.com\/wp-content\/uploads\/2024\/11\/ECE-16-1210x1536.jpg 1210w, https:\/\/eceofluoglu.com\/wp-content\/uploads\/2024\/11\/ECE-16-1613x2048.jpg 1613w, https:\/\/eceofluoglu.com\/wp-content\/uploads\/2024\/11\/ECE-16-scaled.jpg 2016w\" sizes=\"(max-width: 236px) 100vw, 236px\" \/><\/a><\/p>\n<p>1987 y\u0131l\u0131nda \u0130stanbul&#8217;da do\u011fan Ece Ofluo\u011flu 2009&#8217;da Okan \u00dcniversitesi Psikoloji B\u00f6l\u00fcm\u00fc&#8217;nden mezun olmu\u015ftur. \u00dcniversite y\u0131llar\u0131 boyunca Bilgi \u00dcniversitesi \u00c7ocuk \u00c7al\u0131\u015fmalar\u0131 Birimi&#8217;nde g\u00f6n\u00fcll\u00fc e\u011fitmenlik yapm\u0131\u015f ve <em>Compasito \u00c7ocuklar \u0130\u00e7in \u0130nsan Haklar\u0131 \u00c7al\u0131\u015fma K\u0131lavuzu<\/em>\u2019nun yayg\u0131nla\u015ft\u0131r\u0131lma \u00e7al\u0131\u015fmalar\u0131nda g\u00f6rev alm\u0131\u015ft\u0131r.<\/p>\n<p><strong><em>\u00c7ocuk ve ergenlerle \u00e7al\u0131\u015fmalar\u0131nda kulland\u0131\u011f\u0131 y\u00f6ntemler;<\/em><\/strong> Deneyimsel Oyun Terapisi, \u00c7ocuk Merkezli Oyun Terapisi, Bili\u015fsel Davran\u0131\u015f\u00e7\u0131 Terapi, \u00c7ocuklarla Felsefe, Psikodrama ve Monodramad\u0131r.<\/p>\n<p>Psikodrama Grup Terapisi E\u011fitimi&#8217;nde co terapist seviyesindedir, \u00e7e\u015fitli hastane ve e\u011fitim kurumlar\u0131nda ya\u015fant\u0131 gruplar\u0131 ger\u00e7ekle\u015ftirmi\u015ftir.<\/p>\n<p><strong><em>Yeti\u015fkinlerle \u00e7al\u0131\u015fmalar\u0131nda kulland\u0131\u011f\u0131 y\u00f6ntemler;<\/em><\/strong> Psikodinamik Terapi ba\u015fta olmak \u00fczere Bili\u015fsel Davran\u0131\u015f\u00e7\u0131 Terapi, PACT (Psikobiyolojik Yakla\u015f\u0131m), Pozitif Psikoterapi ve Psikodramad\u0131r.<\/p>\n<p>Topluluklar \u0130\u00e7in Felsefe (P4C) e\u011fitimini tamamlam\u0131\u015f ve de\u011ferli e\u011fitim kurumlar\u0131nda ilk\u00f6\u011fretim Felsefe bran\u015f dersleri uygulam\u0131\u015ft\u0131r.<\/p>\n<p>Psikodrama, Felsefe, Etkili \u0130leti\u015fim, Sanat odakl\u0131 yeti\u015fkin ve \u00e7ocuk at\u00f6lye \u00e7al\u0131\u015fmalar\u0131 yapmaktad\u0131r.<\/p>\n<p><strong>E\u011fitimler<\/strong><\/p>\n<ul>\n<li>Dinamik Psikoterapi &#8211; Prof. Dr. Do\u011fan \u015eahin<\/li>\n<li>Psikodrama (2013 &#8211; 2018) (co-terapist) (Abd\u00fclkadir \u00d6zbek Psikodrama Enstit\u00fcs\u00fc)<\/li>\n<li>\u00c7ocuk Psikodramas\u0131 &#8211; InterPlay International (Institute For Humanistic Psychotherapy with Children)<\/li>\n<li>EMDR &#8211; 1. D\u00fczey E\u011fitimi (\u0130nda E\u011fitim ve Dan\u0131\u015fmanl\u0131k)<\/li>\n<li>Aile Dan\u0131\u015fmanl\u0131\u011f\u0131 Sertifika Program\u0131 &#8211; Marmara \u00dcniversitesi<\/li>\n<li>P.A.C.T &#8211; \u00c7ift Terapisinde Psikobiyolojik Yakla\u015f\u0131m &#8211; Eda Arduman \/ Stan Tatkin<\/li>\n<li>Aile ve Evlilik Terapisi (ODT\u00dc SEM) &#8211;\u00a0 Prof. Dr. H\u00fcrol F\u0131\u015f\u0131lo\u011flu<\/li>\n<li>\u00c7ocuk Merkezli Oyun Terapisi S\u00fcpervizyon E\u011fitimi &#8211; Filiz \u00c7etin<\/li>\n<li>\u00c7ocuk Merkezli Oyun Terapisi E\u011fitimi (Ekip NormaRazon) &#8211; Reyhana Seedat<\/li>\n<li>Filial Terapi E\u011fitimi (Ekip NormaRazon) &#8211; Reyhana Seedat<\/li>\n<li>Geli\u015fimsel Temas E\u011fitimi (Ekip NormaRazon) &#8211; Reyhana Seedat<\/li>\n<li>Dikkat Eksikli\u011fi ve Hiperaktivite Bozuklu\u011fu Olan \u00c7ocuklarla Oyun Terapisi (Ekip NormaRazon) (Reyhana Seedat)<\/li>\n<li>Deneyimsel Oyun Terapisi 1. D\u00fczey\u00a0 &#8211; Nil\u00fcfer Devecigil<\/li>\n<li>Deneyimsel Oyun Terapisi 2. D\u00fczey &#8211; Dr. Byron Norton<\/li>\n<li>Oyun Terapisi Uygulamalar\u0131 Workshop &#8211; Dr. Sue Jennings<\/li>\n<li>Oyun Terapisi Uygulamalar\u0131 Workshop &#8211; Ann Beckley Forest<\/li>\n<li>\u00c7ocuk ve Ergen Bili\u015fsel Davran\u0131\u015f\u00e7\u0131 Terapi Uygulamalar\u0131 Terapi E\u011fitimi &#8211; Dr. Nevin D\u00f6lek<\/li>\n<li>Sanat Terapisi Temelli Psikososyal Destek Sertifika Program\u0131 -Uzm. Kln. Psk. Ceren Atmaca<\/li>\n<li>\u00c7ocuklar \u0130\u00e7in Felsefe (P4C) &#8211; Bo\u011fazi\u00e7i \u00dcniversitesi B\u00dcYEM &#8211; Dr. \u00d6zge \u00d6zdemir<\/li>\n<li>Kamusal Ba\u015far\u0131 E\u011fitimi\u00a0 &#8211; Serdar M. De\u011firmencio\u011flu<\/li>\n<li>Ergenlik &#8211; Prof. Dr. Bahar G\u00f6kler<\/li>\n<li>Basic Course of Positive Psychotherapy\u00a0 &#8211; Dr. Rukiye Hayran<\/li>\n<li>Dans Terapi &#8211; Dr. Leandra Perrotta<\/li>\n<li>Etkili Ana-Baba E\u011fitimi ve \u0130leti\u015fim Becerisi\/Kayg\u0131yla Ba\u015fetme\u00a0 &#8211; Canan Karabulut<\/li>\n<li>\u00c7ocuklara Y\u00f6nelik \u0130nsan Haklar\u0131 \u00c7al\u0131\u015fma E\u011fitimi (Compasito)<\/li>\n<\/ul>\n<p><strong>Uygulad\u0131\u011f\u0131 Testler<\/strong><\/p>\n<ul>\n<li>\u00c7ocuk \u00c7izimlerinin Projektif Bir Y\u00f6ntem Olarak De\u011ferlendirilmesi (Rorschach ve Projektif Testler Derne\u011fi &#8211; Funda Akkapulu)<\/li>\n<li>Peri Masallar\u0131 Testi (Rorschach ve Projektif Testler Derne\u011fi &#8211; \u0130rem Erdem Atak)<\/li>\n<li>D10 Projektif \u00c7izim Testi (Rorschach ve Projektif Testler Derne\u011fi)<\/li>\n<\/ul>\n<p><strong>Dernek \u00dcyelikleri<\/strong><\/p>\n<ul>\n<li>\u00c7ift ve Aile Terapileri Derne\u011fi<\/li>\n<li>Dr. Abd\u00fclkadir \u00d6zbek Psikodrama Enstit\u00fcs\u00fc<\/li>\n<li>T\u00fcrk Psikologlar Derne\u011fi<\/li>\n<\/ul>\n","protected":false},"excerpt":{"rendered":"<p>1987 y\u0131l\u0131nda \u0130stanbul&#8217;da do\u011fan Ece Ofluo\u011flu 2009&#8217;da Okan \u00dcniversitesi Psikoloji B\u00f6l\u00fcm\u00fc&#8217;nden mezun olmu\u015ftur. \u00dcniversite y\u0131llar\u0131 boyunca Bilgi \u00dcniversitesi \u00c7ocuk \u00c7al\u0131\u015fmalar\u0131 Birimi&#8217;nde g\u00f6n\u00fcll\u00fc e\u011fitmenlik yapm\u0131\u015f ve Compasito \u00c7ocuklar \u0130\u00e7in \u0130nsan Haklar\u0131 \u00c7al\u0131\u015fma K\u0131lavuzu\u2019nun yayg\u0131nla\u015ft\u0131r\u0131lma \u00e7al\u0131\u015fmalar\u0131nda g\u00f6rev alm\u0131\u015ft\u0131r. \u00c7ocuk ve ergenlerle \u00e7al\u0131\u015fmalar\u0131nda kulland\u0131\u011f\u0131 y\u00f6ntemler; Deneyimsel Oyun Terapisi, \u00c7ocuk Merkezli Oyun Terapisi, Bili\u015fsel Davran\u0131\u015f\u00e7\u0131 Terapi, \u00c7ocuklarla Felsefe, Psikodrama &hellip; <a href=\"https:\/\/eceofluoglu.com\/\" class=\"more-link\"><span class=\"screen-reader-text\">Hakk\u0131nda<\/span> yaz\u0131s\u0131na devam et <span class=\"meta-nav\">&rarr;<\/span><\/a><\/p>\n","protected":false},"author":1,"featured_media":0,"parent":0,"menu_order":0,"comment_status":"open","ping_status":"open","template":"","meta":[],"_links":{"self":[{"href":"https:\/\/eceofluoglu.com\/index.php?rest_route=\/wp\/v2\/pages\/7"}],"collection":[{"href":"https:\/\/eceofluoglu.com\/index.php?rest_route=\/wp\/v2\/pages"}],"about":[{"href":"https:\/\/eceofluoglu.com\/index.php?rest_route=\/wp\/v2\/types\/page"}],"author":[{"embeddable":true,"href":"https:\/\/eceofluoglu.com\/index.php?rest_route=\/wp\/v2\/users\/1"}],"replies":[{"embeddable":true,"href":"https:\/\/eceofluoglu.com\/index.php?rest_route=%2Fwp%2Fv2%2Fcomments&post=7"}],"version-history":[{"count":20,"href":"https:\/\/eceofluoglu.com\/index.php?rest_route=\/wp\/v2\/pages\/7\/revisions"}],"predecessor-version":[{"id":157,"href":"https:\/\/eceofluoglu.com\/index.php?rest_route=\/wp\/v2\/pages\/7\/revisions\/157"}],"wp:attachment":[{"href":"https:\/\/eceofluoglu.com\/index.php?rest_route=%2Fwp%2Fv2%2Fmedia&parent=7"}],"curies":[{"name":"wp","href":"https:\/\/api.w.org\/{rel}","templated":true}]}}